{"id":3804,"date":"2022-07-20T16:10:23","date_gmt":"2022-07-20T20:10:23","guid":{"rendered":"https:\/\/daunaglow.com\/?post_type=product&#038;p=3804"},"modified":"2026-02-13T23:27:30","modified_gmt":"2026-02-14T04:27:30","slug":"just-peachy","status":"publish","type":"product","link":"https:\/\/daunaglow.com\/fr\/produit\/just-peachy\/","title":{"rendered":"Huile corporelle P\u00eache et cr\u00e8me"},"content":{"rendered":"","protected":false},"excerpt":{"rendered":"<p>Cette formule luxueuse s\u2019absorbe rapidement, laissant votre peau profond\u00e9ment hydrat\u00e9e et irr\u00e9sistiblement douce. Elle offre une finition lisse et soyeuse avec un d\u00e9licieux parfum de p\u00eache qui vous transporte vers un paradis ensoleill\u00e9. Parfaite pour un usage quotidien, cette huile corporelle est votre alli\u00e9e pour un \u00e9clat radieux et une hydratation tout au long de la journ\u00e9e.<\/p>","protected":false},"featured_media":5320,"template":"","meta":[],"product_brand":[],"product_cat":[42],"product_tag":[],"class_list":{"0":"post-3804","1":"product","2":"type-product","3":"status-publish","4":"has-post-thumbnail","6":"product_cat-body","8":"first","9":"instock","10":"shipping-taxable","11":"purchasable","12":"product-type-simple"},"_links":{"self":[{"href":"https:\/\/daunaglow.com\/fr\/wp-json\/wp\/v2\/product\/3804","targetHints":{"allow":["GET"]}}],"collection":[{"href":"https:\/\/daunaglow.com\/fr\/wp-json\/wp\/v2\/product"}],"about":[{"href":"https:\/\/daunaglow.com\/fr\/wp-json\/wp\/v2\/types\/product"}],"version-history":[{"count":6,"href":"https:\/\/daunaglow.com\/fr\/wp-json\/wp\/v2\/product\/3804\/revisions"}],"predecessor-version":[{"id":6781,"href":"https:\/\/daunaglow.com\/fr\/wp-json\/wp\/v2\/product\/3804\/revisions\/6781"}],"wp:featuredmedia":[{"embeddable":true,"href":"https:\/\/daunaglow.com\/fr\/wp-json\/wp\/v2\/media\/5320"}],"wp:attachment":[{"href":"https:\/\/daunaglow.com\/fr\/wp-json\/wp\/v2\/media?parent=3804"}],"wp:term":[{"taxonomy":"product_brand","embeddable":true,"href":"https:\/\/daunaglow.com\/fr\/wp-json\/wp\/v2\/product_brand?post=3804"},{"taxonomy":"product_cat","embeddable":true,"href":"https:\/\/daunaglow.com\/fr\/wp-json\/wp\/v2\/product_cat?post=3804"},{"taxonomy":"product_tag","embeddable":true,"href":"https:\/\/daunaglow.com\/fr\/wp-json\/wp\/v2\/product_tag?post=3804"}],"curies":[{"name":"wp","href":"https:\/\/api.w.org\/{rel}","templated":true}]}}