{"id":3807,"date":"2022-07-20T16:12:12","date_gmt":"2022-07-20T20:12:12","guid":{"rendered":"https:\/\/daunaglow.com\/?post_type=product&#038;p=3807"},"modified":"2026-02-13T23:37:04","modified_gmt":"2026-02-14T04:37:04","slug":"coconut-cream","status":"publish","type":"product","link":"https:\/\/daunaglow.com\/fr\/produit\/coconut-cream\/","title":{"rendered":"Huile corporelle \u00e0 la cr\u00e8me de noix de coco"},"content":{"rendered":"","protected":false},"excerpt":{"rendered":"<p>Cette formule luxueuse s\u2019absorbe rapidement, laissant votre peau profond\u00e9ment hydrat\u00e9e et irr\u00e9sistiblement douce. Enrichie en huile de coco nourrissante, elle offre une finition lisse et soyeuse avec un parfum d\u00e9licat de noix de coco qui vous transporte vers une \u00e9vasion paradisiaque. Parfaite pour un usage quotidien, cette huile corporelle est votre alli\u00e9e pour un \u00e9clat radieux et une hydratation tout au long de la journ\u00e9e.<\/p>","protected":false},"featured_media":6789,"template":"","meta":[],"product_brand":[],"product_cat":[42],"product_tag":[],"class_list":{"0":"post-3807","1":"product","2":"type-product","3":"status-publish","4":"has-post-thumbnail","6":"product_cat-body","8":"first","9":"instock","10":"shipping-taxable","11":"purchasable","12":"product-type-simple"},"_links":{"self":[{"href":"https:\/\/daunaglow.com\/fr\/wp-json\/wp\/v2\/product\/3807","targetHints":{"allow":["GET"]}}],"collection":[{"href":"https:\/\/daunaglow.com\/fr\/wp-json\/wp\/v2\/product"}],"about":[{"href":"https:\/\/daunaglow.com\/fr\/wp-json\/wp\/v2\/types\/product"}],"version-history":[{"count":6,"href":"https:\/\/daunaglow.com\/fr\/wp-json\/wp\/v2\/product\/3807\/revisions"}],"predecessor-version":[{"id":6780,"href":"https:\/\/daunaglow.com\/fr\/wp-json\/wp\/v2\/product\/3807\/revisions\/6780"}],"wp:featuredmedia":[{"embeddable":true,"href":"https:\/\/daunaglow.com\/fr\/wp-json\/wp\/v2\/media\/6789"}],"wp:attachment":[{"href":"https:\/\/daunaglow.com\/fr\/wp-json\/wp\/v2\/media?parent=3807"}],"wp:term":[{"taxonomy":"product_brand","embeddable":true,"href":"https:\/\/daunaglow.com\/fr\/wp-json\/wp\/v2\/product_brand?post=3807"},{"taxonomy":"product_cat","embeddable":true,"href":"https:\/\/daunaglow.com\/fr\/wp-json\/wp\/v2\/product_cat?post=3807"},{"taxonomy":"product_tag","embeddable":true,"href":"https:\/\/daunaglow.com\/fr\/wp-json\/wp\/v2\/product_tag?post=3807"}],"curies":[{"name":"wp","href":"https:\/\/api.w.org\/{rel}","templated":true}]}}