{"id":5641,"date":"2023-05-31T16:22:34","date_gmt":"2023-05-31T20:22:34","guid":{"rendered":"https:\/\/daunaglow.com\/?post_type=product&#038;p=5641"},"modified":"2026-03-06T15:25:59","modified_gmt":"2026-03-06T20:25:59","slug":"guasha","status":"publish","type":"product","link":"https:\/\/daunaglow.com\/fr\/produit\/guasha\/","title":{"rendered":"Gua sha"},"content":{"rendered":"<p><img fetchpriority=\"high\" decoding=\"async\" src=\"https:\/\/daunaglow.com\/wp-content\/uploads\/2023\/05\/3E92DD68-1888-4807-9889-E1AB3E9CF542-200x300.png\" alt=\"\" width=\"200\" height=\"300\" class=\"alignnone size-medium wp-image-6954\" srcset=\"https:\/\/daunaglow.com\/wp-content\/uploads\/2023\/05\/3E92DD68-1888-4807-9889-E1AB3E9CF542-200x300.png 200w, https:\/\/daunaglow.com\/wp-content\/uploads\/2023\/05\/3E92DD68-1888-4807-9889-E1AB3E9CF542-683x1024.png 683w, https:\/\/daunaglow.com\/wp-content\/uploads\/2023\/05\/3E92DD68-1888-4807-9889-E1AB3E9CF542-768x1152.png 768w, https:\/\/daunaglow.com\/wp-content\/uploads\/2023\/05\/3E92DD68-1888-4807-9889-E1AB3E9CF542-8x12.png 8w, https:\/\/daunaglow.com\/wp-content\/uploads\/2023\/05\/3E92DD68-1888-4807-9889-E1AB3E9CF542-600x900.png 600w, https:\/\/daunaglow.com\/wp-content\/uploads\/2023\/05\/3E92DD68-1888-4807-9889-E1AB3E9CF542.png 1024w\" sizes=\"(max-width: 200px) 100vw, 200px\" \/><\/p>","protected":false},"excerpt":{"rendered":"<p>Cette pierre lisse soulage la tension dans le visage et le cou, parfaite pour un usage quotidien. Obtenez un visage rafra\u00eechi et sculpt\u00e9 tout en am\u00e9liorant l\u2019absorption de vos produits de soins.<\/p>","protected":false},"featured_media":5681,"template":"","meta":[],"product_brand":[],"product_cat":[49],"product_tag":[],"class_list":{"0":"post-5641","1":"product","2":"type-product","3":"status-publish","4":"has-post-thumbnail","6":"product_cat-face","8":"first","9":"instock","10":"shipping-taxable","11":"purchasable","12":"product-type-simple"},"_links":{"self":[{"href":"https:\/\/daunaglow.com\/fr\/wp-json\/wp\/v2\/product\/5641","targetHints":{"allow":["GET"]}}],"collection":[{"href":"https:\/\/daunaglow.com\/fr\/wp-json\/wp\/v2\/product"}],"about":[{"href":"https:\/\/daunaglow.com\/fr\/wp-json\/wp\/v2\/types\/product"}],"version-history":[{"count":8,"href":"https:\/\/daunaglow.com\/fr\/wp-json\/wp\/v2\/product\/5641\/revisions"}],"predecessor-version":[{"id":6955,"href":"https:\/\/daunaglow.com\/fr\/wp-json\/wp\/v2\/product\/5641\/revisions\/6955"}],"wp:featuredmedia":[{"embeddable":true,"href":"https:\/\/daunaglow.com\/fr\/wp-json\/wp\/v2\/media\/5681"}],"wp:attachment":[{"href":"https:\/\/daunaglow.com\/fr\/wp-json\/wp\/v2\/media?parent=5641"}],"wp:term":[{"taxonomy":"product_brand","embeddable":true,"href":"https:\/\/daunaglow.com\/fr\/wp-json\/wp\/v2\/product_brand?post=5641"},{"taxonomy":"product_cat","embeddable":true,"href":"https:\/\/daunaglow.com\/fr\/wp-json\/wp\/v2\/product_cat?post=5641"},{"taxonomy":"product_tag","embeddable":true,"href":"https:\/\/daunaglow.com\/fr\/wp-json\/wp\/v2\/product_tag?post=5641"}],"curies":[{"name":"wp","href":"https:\/\/api.w.org\/{rel}","templated":true}]}}