{"id":5856,"date":"2024-01-30T14:25:12","date_gmt":"2024-01-30T19:25:12","guid":{"rendered":"https:\/\/daunaglow.com\/?post_type=product&#038;p=5856"},"modified":"2026-02-13T23:55:06","modified_gmt":"2026-02-14T04:55:06","slug":"delight-vanilla-lip-gloss","status":"publish","type":"product","link":"https:\/\/daunaglow.com\/fr\/produit\/delight-vanilla-lip-gloss\/","title":{"rendered":"Vanilla delight"},"content":{"rendered":"","protected":false},"excerpt":{"rendered":"<p>Vanilla Delight offre \u00e0 vos l\u00e8vres un \u00e9clat doux et transparent avec une formule luxueuse et non collante. Enrichi en hydratation, il garde vos l\u00e8vres lisses et irr\u00e9sistiblement brillantes.<\/p>\n<p>D\u00e9couvrez notre gloss \u00e0 l\u00e8vres v\u00e9gan l\u00e9ger Vanilla Delight, le m\u00e9lange id\u00e9al de beaut\u00e9 sans cruaut\u00e9 et de confort. Profitez d'un \u00e9clat naturel non collant qui met en valeur vos l\u00e8vres sans alourdir. Enrichi en vitamines pour un soin suppl\u00e9mentaire, qu'il soit port\u00e9 seul ou superpos\u00e9 sur un rouge \u00e0 l\u00e8vres, il compl\u00e8te facilement n'importe quel look.<\/p>","protected":false},"featured_media":6953,"template":"","meta":[],"product_brand":[],"product_cat":[50],"product_tag":[],"class_list":{"0":"post-5856","1":"product","2":"type-product","3":"status-publish","4":"has-post-thumbnail","6":"product_cat-lips","8":"first","9":"instock","10":"shipping-taxable","11":"purchasable","12":"product-type-simple"},"_links":{"self":[{"href":"https:\/\/daunaglow.com\/fr\/wp-json\/wp\/v2\/product\/5856","targetHints":{"allow":["GET"]}}],"collection":[{"href":"https:\/\/daunaglow.com\/fr\/wp-json\/wp\/v2\/product"}],"about":[{"href":"https:\/\/daunaglow.com\/fr\/wp-json\/wp\/v2\/types\/product"}],"version-history":[{"count":7,"href":"https:\/\/daunaglow.com\/fr\/wp-json\/wp\/v2\/product\/5856\/revisions"}],"predecessor-version":[{"id":6957,"href":"https:\/\/daunaglow.com\/fr\/wp-json\/wp\/v2\/product\/5856\/revisions\/6957"}],"wp:featuredmedia":[{"embeddable":true,"href":"https:\/\/daunaglow.com\/fr\/wp-json\/wp\/v2\/media\/6953"}],"wp:attachment":[{"href":"https:\/\/daunaglow.com\/fr\/wp-json\/wp\/v2\/media?parent=5856"}],"wp:term":[{"taxonomy":"product_brand","embeddable":true,"href":"https:\/\/daunaglow.com\/fr\/wp-json\/wp\/v2\/product_brand?post=5856"},{"taxonomy":"product_cat","embeddable":true,"href":"https:\/\/daunaglow.com\/fr\/wp-json\/wp\/v2\/product_cat?post=5856"},{"taxonomy":"product_tag","embeddable":true,"href":"https:\/\/daunaglow.com\/fr\/wp-json\/wp\/v2\/product_tag?post=5856"}],"curies":[{"name":"wp","href":"https:\/\/api.w.org\/{rel}","templated":true}]}}