{"id":5921,"date":"2024-06-25T17:47:25","date_gmt":"2024-06-25T21:47:25","guid":{"rendered":"https:\/\/daunaglow.com\/?post_type=product&#038;p=5921"},"modified":"2026-02-13T23:54:47","modified_gmt":"2026-02-14T04:54:47","slug":"mixed-berry-lip-gloss","status":"publish","type":"product","link":"https:\/\/daunaglow.com\/fr\/produit\/mixed-berry-lip-gloss\/","title":{"rendered":"Mixed Berry"},"content":{"rendered":"<p><img fetchpriority=\"high\" decoding=\"async\" class=\"alignnone size-medium wp-image-6911\" src=\"https:\/\/daunaglow.com\/wp-content\/uploads\/2024\/06\/IMG_6777-225x300.jpeg\" alt=\"\" width=\"225\" height=\"300\" srcset=\"https:\/\/daunaglow.com\/wp-content\/uploads\/2024\/06\/IMG_6777-225x300.jpeg 225w, https:\/\/daunaglow.com\/wp-content\/uploads\/2024\/06\/IMG_6777-768x1024.jpeg 768w, https:\/\/daunaglow.com\/wp-content\/uploads\/2024\/06\/IMG_6777-1152x1536.jpeg 1152w, https:\/\/daunaglow.com\/wp-content\/uploads\/2024\/06\/IMG_6777-1536x2048.jpeg 1536w, https:\/\/daunaglow.com\/wp-content\/uploads\/2024\/06\/IMG_6777-9x12.jpeg 9w, https:\/\/daunaglow.com\/wp-content\/uploads\/2024\/06\/IMG_6777-600x800.jpeg 600w, https:\/\/daunaglow.com\/wp-content\/uploads\/2024\/06\/IMG_6777-scaled.jpeg 1920w\" sizes=\"(max-width: 225px) 100vw, 225px\" \/><\/p>","protected":false},"excerpt":{"rendered":"<p>Profitez d'une explosion de saveur de baies avec notre gloss \u00e0 l\u00e8vres aux baies m\u00e9lang\u00e9es. Cette formule v\u00e9gan non collante offre un \u00e9clat durable et une hydratation pour des l\u00e8vres douces et brillantes.<\/p>","protected":false},"featured_media":6952,"template":"","meta":[],"product_brand":[],"product_cat":[49,50],"product_tag":[],"class_list":{"0":"post-5921","1":"product","2":"type-product","3":"status-publish","4":"has-post-thumbnail","6":"product_cat-face","7":"product_cat-lips","9":"first","10":"instock","11":"shipping-taxable","12":"purchasable","13":"product-type-simple"},"_links":{"self":[{"href":"https:\/\/daunaglow.com\/fr\/wp-json\/wp\/v2\/product\/5921","targetHints":{"allow":["GET"]}}],"collection":[{"href":"https:\/\/daunaglow.com\/fr\/wp-json\/wp\/v2\/product"}],"about":[{"href":"https:\/\/daunaglow.com\/fr\/wp-json\/wp\/v2\/types\/product"}],"version-history":[{"count":10,"href":"https:\/\/daunaglow.com\/fr\/wp-json\/wp\/v2\/product\/5921\/revisions"}],"predecessor-version":[{"id":6956,"href":"https:\/\/daunaglow.com\/fr\/wp-json\/wp\/v2\/product\/5921\/revisions\/6956"}],"wp:featuredmedia":[{"embeddable":true,"href":"https:\/\/daunaglow.com\/fr\/wp-json\/wp\/v2\/media\/6952"}],"wp:attachment":[{"href":"https:\/\/daunaglow.com\/fr\/wp-json\/wp\/v2\/media?parent=5921"}],"wp:term":[{"taxonomy":"product_brand","embeddable":true,"href":"https:\/\/daunaglow.com\/fr\/wp-json\/wp\/v2\/product_brand?post=5921"},{"taxonomy":"product_cat","embeddable":true,"href":"https:\/\/daunaglow.com\/fr\/wp-json\/wp\/v2\/product_cat?post=5921"},{"taxonomy":"product_tag","embeddable":true,"href":"https:\/\/daunaglow.com\/fr\/wp-json\/wp\/v2\/product_tag?post=5921"}],"curies":[{"name":"wp","href":"https:\/\/api.w.org\/{rel}","templated":true}]}}